{"id":2285,"date":"2025-04-02T13:00:13","date_gmt":"2025-04-02T13:00:13","guid":{"rendered":"https:\/\/iservisas.lt\/?page_id=2285"},"modified":"2026-03-20T08:42:31","modified_gmt":"2026-03-20T08:42:31","slug":"oneplus-plansetiniu-kompiuteriu-remontas","status":"publish","type":"page","link":"https:\/\/iservisas.lt\/en\/planseciu-remontas\/oneplus-plansetiniu-kompiuteriu-remontas\/","title":{"rendered":"Oneplus plan\u0161etini\u0173 kompiuteri\u0173 remontas"},"content":{"rendered":"","protected":false},"excerpt":{"rendered":"","protected":false},"author":1,"featured_media":1372,"parent":1060,"menu_order":0,"comment_status":"closed","ping_status":"closed","template":"","meta":{"_acf_changed":false,"footnotes":""},"class_list":["post-2285","page","type-page","status-publish","has-post-thumbnail","hentry"],"acf":[],"_links":{"self":[{"href":"https:\/\/iservisas.lt\/en\/wp-json\/wp\/v2\/pages\/2285","targetHints":{"allow":["GET"]}}],"collection":[{"href":"https:\/\/iservisas.lt\/en\/wp-json\/wp\/v2\/pages"}],"about":[{"href":"https:\/\/iservisas.lt\/en\/wp-json\/wp\/v2\/types\/page"}],"author":[{"embeddable":true,"href":"https:\/\/iservisas.lt\/en\/wp-json\/wp\/v2\/users\/1"}],"replies":[{"embeddable":true,"href":"https:\/\/iservisas.lt\/en\/wp-json\/wp\/v2\/comments?post=2285"}],"version-history":[{"count":4,"href":"https:\/\/iservisas.lt\/en\/wp-json\/wp\/v2\/pages\/2285\/revisions"}],"predecessor-version":[{"id":5159,"href":"https:\/\/iservisas.lt\/en\/wp-json\/wp\/v2\/pages\/2285\/revisions\/5159"}],"up":[{"embeddable":true,"href":"https:\/\/iservisas.lt\/en\/wp-json\/wp\/v2\/pages\/1060"}],"wp:featuredmedia":[{"embeddable":true,"href":"https:\/\/iservisas.lt\/en\/wp-json\/wp\/v2\/media\/1372"}],"wp:attachment":[{"href":"https:\/\/iservisas.lt\/en\/wp-json\/wp\/v2\/media?parent=2285"}],"curies":[{"name":"wp","href":"https:\/\/api.w.org\/{rel}","templated":true}]}}