{"id":3466,"date":"2025-05-05T08:03:55","date_gmt":"2025-05-05T08:03:55","guid":{"rendered":"https:\/\/iservisas.lt\/?page_id=3466"},"modified":"2026-02-04T10:06:46","modified_gmt":"2026-02-04T10:06:46","slug":"samsung-plasetiniu-kompiuteriu-remontas","status":"publish","type":"page","link":"https:\/\/iservisas.lt\/en\/planseciu-remontas\/samsung-plasetiniu-kompiuteriu-remontas\/","title":{"rendered":"Samsung pla\u0161etini\u0173 kompiuteri\u0173 remontas"},"content":{"rendered":"","protected":false},"excerpt":{"rendered":"","protected":false},"author":1,"featured_media":0,"parent":1060,"menu_order":0,"comment_status":"closed","ping_status":"closed","template":"","meta":{"_acf_changed":false,"footnotes":""},"class_list":["post-3466","page","type-page","status-publish","hentry"],"acf":[],"_links":{"self":[{"href":"https:\/\/iservisas.lt\/en\/wp-json\/wp\/v2\/pages\/3466","targetHints":{"allow":["GET"]}}],"collection":[{"href":"https:\/\/iservisas.lt\/en\/wp-json\/wp\/v2\/pages"}],"about":[{"href":"https:\/\/iservisas.lt\/en\/wp-json\/wp\/v2\/types\/page"}],"author":[{"embeddable":true,"href":"https:\/\/iservisas.lt\/en\/wp-json\/wp\/v2\/users\/1"}],"replies":[{"embeddable":true,"href":"https:\/\/iservisas.lt\/en\/wp-json\/wp\/v2\/comments?post=3466"}],"version-history":[{"count":6,"href":"https:\/\/iservisas.lt\/en\/wp-json\/wp\/v2\/pages\/3466\/revisions"}],"predecessor-version":[{"id":5349,"href":"https:\/\/iservisas.lt\/en\/wp-json\/wp\/v2\/pages\/3466\/revisions\/5349"}],"up":[{"embeddable":true,"href":"https:\/\/iservisas.lt\/en\/wp-json\/wp\/v2\/pages\/1060"}],"wp:attachment":[{"href":"https:\/\/iservisas.lt\/en\/wp-json\/wp\/v2\/media?parent=3466"}],"curies":[{"name":"wp","href":"https:\/\/api.w.org\/{rel}","templated":true}]}}